{"id":60,"date":"2016-04-30T07:58:13","date_gmt":"2016-04-30T06:58:13","guid":{"rendered":"http:\/\/rs-ascenseurs.fr\/?page_id=60"},"modified":"2016-09-05T21:06:45","modified_gmt":"2016-09-05T20:06:45","slug":"nos-engagements","status":"publish","type":"page","link":"https:\/\/rs-ascenseurs.fr\/index.php\/nos-engagements\/","title":{"rendered":"Nos engagements"},"content":{"rendered":"<h4>Votre nouveau partenaire confiance<\/h4>\n<p>RS ASCENSEURS vous assure\u00a0:<\/p>\n<ul>\n<li>Garantir une totale transparence gr\u00e2ce \u00e0 l\u2019\u00e9mission de devis et de contrats explicites d\u00e9crivant pr\u00e9cisement la nature du service (produits\/prestations propos\u00e9es, r\u00e9glementation concern\u00e9e, dur\u00e9e des d\u00e9lais d\u2019ex\u00e9cution des travaux, r\u00e9percussions \u00e9ventuelles sur les conditions d\u2019entretien).<\/li>\n<li>Veiller au respect des engagements pr\u00e9vus au contrat.<\/li>\n<li>Garantir le traitement de chaque requ\u00eate dans les meilleurs d\u00e9lais.<\/li>\n<li>Garantir la disponibilit\u00e9 d\u2019un carnet d\u2019entretien tenu \u00e0 jour (fr\u00e9quence \u2013 activit\u00e9s interventions).<\/li>\n<li>Garantir le respect des r\u00e8gles de la concurrence.<\/li>\n<\/ul>\n<h4><\/h4>\n<h4>Diagnostic d\u00e9taill\u00e9 des \u00e9quipements &#8211; Conseil normatif et juridique<\/h4>\n<p>RS ASCENSEURS s&rsquo;engage \u00e9galement \u00e0 \u00e9tablir suivant votre demande un diagnostic d\u00e9taill\u00e9 et gratuit de vos appareils afin de s&rsquo;assurer de leur conformit\u00e9 et de leur s\u00e9curit\u00e9 suivant la l\u00e9gislation en vigueur.<\/p>\n<h4><\/h4>\n<h4>Solutions de service personnalis\u00e9 cl\u00e9 en main<\/h4>\n<p>Votre patrimoine immobilier est une valeur pr\u00e9cieuse \u00e0 conserver et entretenir, c\u2019est pourquoi RS ASCENSEURS vous garantit un travail alliant respect de l\u2019existant et am\u00e9lioration technique.<\/p>\n<p>Une \u00e9quipe de professionnels qualifi\u00e9s intervient dans les domaines de\u00a0:<\/p>\n<ul>\n<li>Menuiserie \u2013 Serrurerie<\/li>\n<li>Ma\u00e7onnerie \u2013 Peinture<\/li>\n<li>D\u00e9coration d\u2019int\u00e9rieur<\/li>\n<li>\u00c9lectricit\u00e9<\/li>\n<\/ul>\n","protected":false},"excerpt":{"rendered":"<p>Votre nouveau partenaire confiance RS ASCENSEURS vous assure\u00a0: Garantir une totale transparence gr\u00e2ce \u00e0 l\u2019\u00e9mission de devis et de contrats explicites d\u00e9crivant [&hellip;]<\/p>\n","protected":false},"author":1,"featured_media":0,"parent":0,"menu_order":2,"comment_status":"closed","ping_status":"closed","template":"","meta":{"footnotes":""},"class_list":["post-60","page","type-page","status-publish","hentry"],"_links":{"self":[{"href":"https:\/\/rs-ascenseurs.fr\/index.php\/wp-json\/wp\/v2\/pages\/60","targetHints":{"allow":["GET"]}}],"collection":[{"href":"https:\/\/rs-ascenseurs.fr\/index.php\/wp-json\/wp\/v2\/pages"}],"about":[{"href":"https:\/\/rs-ascenseurs.fr\/index.php\/wp-json\/wp\/v2\/types\/page"}],"author":[{"embeddable":true,"href":"https:\/\/rs-ascenseurs.fr\/index.php\/wp-json\/wp\/v2\/users\/1"}],"replies":[{"embeddable":true,"href":"https:\/\/rs-ascenseurs.fr\/index.php\/wp-json\/wp\/v2\/comments?post=60"}],"version-history":[{"count":12,"href":"https:\/\/rs-ascenseurs.fr\/index.php\/wp-json\/wp\/v2\/pages\/60\/revisions"}],"predecessor-version":[{"id":150,"href":"https:\/\/rs-ascenseurs.fr\/index.php\/wp-json\/wp\/v2\/pages\/60\/revisions\/150"}],"wp:attachment":[{"href":"https:\/\/rs-ascenseurs.fr\/index.php\/wp-json\/wp\/v2\/media?parent=60"}],"curies":[{"name":"wp","href":"https:\/\/api.w.org\/{rel}","templated":true}]}}