{"id":53,"date":"2016-04-30T07:55:25","date_gmt":"2016-04-30T06:55:25","guid":{"rendered":"http:\/\/rs-ascenseurs.fr\/?page_id=53"},"modified":"2016-09-19T18:59:26","modified_gmt":"2016-09-19T17:59:26","slug":"qui-sommes-nous","status":"publish","type":"page","link":"https:\/\/rs-ascenseurs.fr\/index.php\/qui-sommes-nous\/","title":{"rendered":"Qui sommes-nous ?"},"content":{"rendered":"<h4>L\u2019exp\u00e9rience \u00e0 votre service<\/h4>\n<p>Sp\u00e9cialis\u00e9e dans la maintenance, la mise en s\u00e9curit\u00e9 et la modernisation d\u2019ascenseurs, RS ASCENSEURS est une soci\u00e9t\u00e9 de services cr\u00e9\u00e9e en 2008 \u00e0 l\u2019initiative de deux professionnels, confirm\u00e9s par 20 ans d\u2019exp\u00e9rience dans les entreprises leaders du march\u00e9.<\/p>\n<h4>RS ASCENSEURS, Partenaire durable<\/h4>\n<p>Gr\u00e2ce \u00e0 un travail soign\u00e9, s\u00e9curis\u00e9 et respectueux des engagements, RS ASCENSEURS \u00e9tablit au fil des ans une relation de confiance avec ses clients\u00a0: copropri\u00e9t\u00e9s, immobilier d\u2019habitation et d\u2019entreprise, habitat priv\u00e9 haut de gamme.<br \/>\n<\/br><br \/>\n<\/br><br \/>\n<\/br><\/p>\n","protected":false},"excerpt":{"rendered":"<p>L\u2019exp\u00e9rience \u00e0 votre service Sp\u00e9cialis\u00e9e dans la maintenance, la mise en s\u00e9curit\u00e9 et la modernisation d\u2019ascenseurs, RS ASCENSEURS est une soci\u00e9t\u00e9 de [&hellip;]<\/p>\n","protected":false},"author":1,"featured_media":0,"parent":0,"menu_order":0,"comment_status":"closed","ping_status":"closed","template":"","meta":{"footnotes":""},"class_list":["post-53","page","type-page","status-publish","hentry"],"_links":{"self":[{"href":"https:\/\/rs-ascenseurs.fr\/index.php\/wp-json\/wp\/v2\/pages\/53","targetHints":{"allow":["GET"]}}],"collection":[{"href":"https:\/\/rs-ascenseurs.fr\/index.php\/wp-json\/wp\/v2\/pages"}],"about":[{"href":"https:\/\/rs-ascenseurs.fr\/index.php\/wp-json\/wp\/v2\/types\/page"}],"author":[{"embeddable":true,"href":"https:\/\/rs-ascenseurs.fr\/index.php\/wp-json\/wp\/v2\/users\/1"}],"replies":[{"embeddable":true,"href":"https:\/\/rs-ascenseurs.fr\/index.php\/wp-json\/wp\/v2\/comments?post=53"}],"version-history":[{"count":11,"href":"https:\/\/rs-ascenseurs.fr\/index.php\/wp-json\/wp\/v2\/pages\/53\/revisions"}],"predecessor-version":[{"id":160,"href":"https:\/\/rs-ascenseurs.fr\/index.php\/wp-json\/wp\/v2\/pages\/53\/revisions\/160"}],"wp:attachment":[{"href":"https:\/\/rs-ascenseurs.fr\/index.php\/wp-json\/wp\/v2\/media?parent=53"}],"curies":[{"name":"wp","href":"https:\/\/api.w.org\/{rel}","templated":true}]}}